{"id":624,"date":"2020-11-28T15:33:15","date_gmt":"2020-11-28T13:33:15","guid":{"rendered":"https:\/\/kokkolaultrarun.fi\/2020\/?page_id=624"},"modified":"2025-04-28T09:52:23","modified_gmt":"2025-04-28T06:52:23","slug":"yhteystiedot","status":"publish","type":"page","link":"https:\/\/kokkolaultrarun.fi\/2020\/yhteystiedot\/","title":{"rendered":"Yhteystiedot"},"content":{"rendered":"<div class=\"wp-block-image\">\n<figure class=\"alignleft size-large is-resized\"><img loading=\"lazy\" decoding=\"async\" width=\"800\" height=\"540\" src=\"https:\/\/kokkolaultrarun.fi\/2020\/wp-content\/uploads\/2020\/11\/wcur-lippulogo-vektorit.png\" alt=\"\" class=\"wp-image-625\" style=\"width:200px;height:135px\" srcset=\"https:\/\/kokkolaultrarun.fi\/2020\/wp-content\/uploads\/2020\/11\/wcur-lippulogo-vektorit.png 800w, https:\/\/kokkolaultrarun.fi\/2020\/wp-content\/uploads\/2020\/11\/wcur-lippulogo-vektorit-300x203.png 300w, https:\/\/kokkolaultrarun.fi\/2020\/wp-content\/uploads\/2020\/11\/wcur-lippulogo-vektorit-768x518.png 768w\" sizes=\"auto, (max-width: 800px) 100vw, 800px\" \/><\/figure><\/div>\n\n\n<p><br><\/p>\n\n\n\n<h2 class=\"wp-block-heading has-colibri-color-2-color has-text-color\">West Coast Ultra Runners<\/h2>\n\n\n\n<p><br>Fredrik Olaussen +358 40 051 6324<\/p>\n\n\n\n<p>Emma Paananen +358 44 309 6932<\/p>\n\n\n\n<p><br>Lis\u00e4tiedot: <br><strong><a href=\"mailto:info@kokkolaultrarun.fi\">info@kokkolaultrarun.fi<\/a><\/strong><\/p>\n\n\n\n<p><br><\/p>\n\n\n\n<h3 class=\"wp-block-heading has-colibri-color-2-color has-text-color\">T\u00e4rkeit\u00e4 osoitteita<\/h3>\n\n\n\n<p>Kokkolan urheilutalo, Vapaudentie 1<br><a href=\"https:\/\/www.google.com\/maps\/place\/Kokkolan+Urheilutalo\/@63.842909,23.1299499,17z\/data=!3m1!4b1!4m5!3m4!1s0x468748ec4dba8721:0xefeeaebd4010898e!8m2!3d63.842909!4d23.1321387\" data-type=\"URL\" data-id=\"https:\/\/www.google.com\/maps\/place\/Kokkolan+Urheilutalo\/@63.842909,23.1299499,17z\/data=!3m1!4b1!4m5!3m4!1s0x468748ec4dba8721:0xefeeaebd4010898e!8m2!3d63.842909!4d23.1321387\" target=\"_blank\" rel=\"noreferrer noopener\">Katso kartalta &gt;&gt;<\/a><\/p>\n","protected":false},"excerpt":{"rendered":"<p>West Coast Ultra Runners Fredrik Olaussen +358 40 051 6324 Emma Paananen +358 44 309 6932 Lis\u00e4tiedot: info@kokkolaultrarun.fi T\u00e4rkeit\u00e4 osoitteita Kokkolan urheilutalo, Vapaudentie 1Katso kartalta &gt;&gt;<\/p>\n","protected":false},"author":5,"featured_media":0,"parent":0,"menu_order":0,"comment_status":"closed","ping_status":"closed","template":"","meta":{"footnotes":""},"class_list":["post-624","page","type-page","status-publish","hentry"],"_links":{"self":[{"href":"https:\/\/kokkolaultrarun.fi\/2020\/wp-json\/wp\/v2\/pages\/624","targetHints":{"allow":["GET"]}}],"collection":[{"href":"https:\/\/kokkolaultrarun.fi\/2020\/wp-json\/wp\/v2\/pages"}],"about":[{"href":"https:\/\/kokkolaultrarun.fi\/2020\/wp-json\/wp\/v2\/types\/page"}],"author":[{"embeddable":true,"href":"https:\/\/kokkolaultrarun.fi\/2020\/wp-json\/wp\/v2\/users\/5"}],"replies":[{"embeddable":true,"href":"https:\/\/kokkolaultrarun.fi\/2020\/wp-json\/wp\/v2\/comments?post=624"}],"version-history":[{"count":23,"href":"https:\/\/kokkolaultrarun.fi\/2020\/wp-json\/wp\/v2\/pages\/624\/revisions"}],"predecessor-version":[{"id":2331,"href":"https:\/\/kokkolaultrarun.fi\/2020\/wp-json\/wp\/v2\/pages\/624\/revisions\/2331"}],"wp:attachment":[{"href":"https:\/\/kokkolaultrarun.fi\/2020\/wp-json\/wp\/v2\/media?parent=624"}],"curies":[{"name":"wp","href":"https:\/\/api.w.org\/{rel}","templated":true}]}}