{"id":37,"date":"2020-11-25T20:34:13","date_gmt":"2020-11-25T18:34:13","guid":{"rendered":"https:\/\/kokkolaultrarun.fi\/2020\/?page_id=37"},"modified":"2025-11-11T21:46:20","modified_gmt":"2025-11-11T19:46:20","slug":"ilmottautuneet","status":"publish","type":"page","link":"https:\/\/kokkolaultrarun.fi\/2020\/ilmottautuneet\/","title":{"rendered":"Ilmoittautuneet"},"content":{"rendered":"\n<p><\/p>\n\n\n\n<p class=\"has-text-align-center has-colibri-color-2-color has-text-color\"><\/p>\n\n\n\n<h2 class=\"wp-block-heading has-text-align-center has-colibri-color-2-color has-text-color\"><a href=\"https:\/\/pace.sport\/events\/kokkola-ultra-run-2026\/participant-list\" target=\"_blank\" rel=\"noreferrer noopener\">Ilmoittautuneet n\u00e4et t\u00e4st\u00e4 listasta<\/a><\/h2>\n","protected":false},"excerpt":{"rendered":"<p>Ilmoittautuneet n\u00e4et t\u00e4st\u00e4 listasta<\/p>\n","protected":false},"author":5,"featured_media":0,"parent":0,"menu_order":0,"comment_status":"closed","ping_status":"closed","template":"page-templates\/full-width-page.php","meta":{"footnotes":""},"class_list":["post-37","page","type-page","status-publish","hentry"],"_links":{"self":[{"href":"https:\/\/kokkolaultrarun.fi\/2020\/wp-json\/wp\/v2\/pages\/37","targetHints":{"allow":["GET"]}}],"collection":[{"href":"https:\/\/kokkolaultrarun.fi\/2020\/wp-json\/wp\/v2\/pages"}],"about":[{"href":"https:\/\/kokkolaultrarun.fi\/2020\/wp-json\/wp\/v2\/types\/page"}],"author":[{"embeddable":true,"href":"https:\/\/kokkolaultrarun.fi\/2020\/wp-json\/wp\/v2\/users\/5"}],"replies":[{"embeddable":true,"href":"https:\/\/kokkolaultrarun.fi\/2020\/wp-json\/wp\/v2\/comments?post=37"}],"version-history":[{"count":20,"href":"https:\/\/kokkolaultrarun.fi\/2020\/wp-json\/wp\/v2\/pages\/37\/revisions"}],"predecessor-version":[{"id":2352,"href":"https:\/\/kokkolaultrarun.fi\/2020\/wp-json\/wp\/v2\/pages\/37\/revisions\/2352"}],"wp:attachment":[{"href":"https:\/\/kokkolaultrarun.fi\/2020\/wp-json\/wp\/v2\/media?parent=37"}],"curies":[{"name":"wp","href":"https:\/\/api.w.org\/{rel}","templated":true}]}}