{"id":2273,"date":"2025-01-01T10:21:35","date_gmt":"2025-01-01T08:21:35","guid":{"rendered":"https:\/\/kokkolaultrarun.fi\/2020\/?page_id=2273"},"modified":"2026-01-11T17:12:40","modified_gmt":"2026-01-11T15:12:40","slug":"hotel-kokkola-majoitustarjous-accommodation-offer","status":"publish","type":"page","link":"https:\/\/kokkolaultrarun.fi\/2020\/hotel-kokkola-majoitustarjous-accommodation-offer\/","title":{"rendered":"Hotel Kokkola -majoitustarjous \/ Accommodation offer"},"content":{"rendered":"\n<p><strong>Kokkola Ultra Run 2026 \/ Hotel Kokkola majoitustarjous ajalle 16.-18.5.2025<\/strong><\/p>\n\n\n\n<p>Tarjoamme Kokkola Ultra Run \u2013tapahtuman osallistujille ja huoltojoukoille majoitusta<\/p>\n\n\n\n<p>Hotel Kokkolassa seuraavin hinnoin:<\/p>\n\n\n\n<p><strong>Standardhuoneet alk.<\/strong><\/p>\n\n\n\n<p>\u2022&nbsp;2 hengen huone 106 eur\/huone\/vrk<\/p>\n\n\n\n<p>\u2022&nbsp;1 hengen huone 92 eur\/hl\u00f6\/vrk<\/p>\n\n\n\n<p>\u2022&nbsp;parivuode- tai sporttihuonelis\u00e4 + 5 eur\/huone\/vrk<\/p>\n\n\n\n<p>\u2022&nbsp;Business\/Comforthuone + 20 eur\/huone\/vrk<\/p>\n\n\n\n<p>\u2022&nbsp;lis\u00e4vuode hintaan 25 eur\/vrk<\/p>\n\n\n\n<p>Huonehintaan sis. aamiainen, asukassauna, wlan ja alv. Hotellivieraiden k\u00e4yt\u00f6ss\u00e4 on<\/p>\n\n\n\n<p>veloituksetta my\u00f6s viitisenkymment\u00e4 autopaikkaa, joihin opastamme sis\u00e4\u00e4nkirjautumisen<\/p>\n\n\n\n<p>yhteydess\u00e4. Sis\u00e4\u00e4nkirjaus klo 15 l\u00e4htien, uloskirjaus klo 12 menness\u00e4.<\/p>\n\n\n\n<p>Kaikki tilamme ovat savuttomia ja j\u00e4\u00e4hdytt\u00e4v\u00e4n keskusilmastointij\u00e4rjestelm\u00e4n piiriss\u00e4.<\/p>\n\n\n\n<p>Vastaanotto on avoinna ymp\u00e4ri vuorokauden. Lis\u00e4tietoja ja kuvia huoneistamme l\u00f6yd\u00e4tte<\/p>\n\n\n\n<p>osoitteesta&nbsp;www.hotelkokkola.fi<\/p>\n\n\n\n<p><strong>Varausta tehdess\u00e4 tulee mainita \u201dKokkola Ultra Run\u201d oikean hinnan aktivoimiseksi,<\/strong><\/p>\n\n\n\n<p><strong>kiitos.&nbsp;<\/strong>Huoneita voidaan varata tarjoushinnoin 24.4.2026 menness\u00e4 saatavuustilanteen<\/p>\n\n\n\n<p>mukaisesti.<\/p>\n\n\n\n<p>Yksitt\u00e4isten huonevarausten osalta kuluttomat peruutukset voidaan tehd\u00e4 saapumisp\u00e4iv\u00e4n klo<\/p>\n\n\n\n<p>18 menness\u00e4, ryhm\u00e4varaukset 3 viikkoa ennen saapumista.<\/p>\n\n\n\n<p>Yksitt\u00e4iset varaukset: hotellin vastaanotto&nbsp;info@hotelkokkola.fi&nbsp;tai puh. +358442768011.<\/p>\n\n\n\n<p>Ryhm\u00e4varaukset myyntipalvelusta&nbsp;myynti@hotelkokkola.fi&nbsp;(avoinna ma-pe klo 9\u201315)<\/p>\n\n\n\n<p><strong>L\u00e4mpim\u00e4sti tervetuloa Hotel Kokkolaan!<\/strong><\/p>\n\n\n\n<p><strong>Hotel Kokkola<\/strong><\/p>\n\n\n\n<p>Rantakatu 14, 67100 Kokkola<\/p>\n\n\n\n<p>(noin 500 m Urheilutalolta)<\/p>\n\n\n\n<p>Hotel Kokkola offers accommodation to the Kokkola Ultra Run \u2013event\u2019s participants with the<\/p>\n\n\n\n<p>following rates:<\/p>\n\n\n\n<p><strong>Standard room from<\/strong><\/p>\n\n\n\n<p>\u2022&nbsp;twin room 106 eur\/room\/night<\/p>\n\n\n\n<p>\u2022&nbsp;single room 92 eur\/person\/night<\/p>\n\n\n\n<p>\u2022&nbsp;doublebed or sport room+ 5 eur\/room\/night<\/p>\n\n\n\n<p>\u2022&nbsp;Business\/Comfort room + 20 eur\/room\/night<\/p>\n\n\n\n<p>\u2022&nbsp;extra bed 25 eur\/night (max 1 per room)<\/p>\n\n\n\n<p>Room price includes breakfast buffet, customer sauna, wifi and tax. There are approximately 50<\/p>\n\n\n\n<p>car spaces in guests\u2019 use at free of charge. Driving instructions will be given when checking in.<\/p>\n\n\n\n<p>All our facilities are non-smoking and within a cooling central air-conditioning system. The<\/p>\n\n\n\n<p>reception is open 24 h daily. Check in from kl 3 pm, check out latest at 12 (noon).<\/p>\n\n\n\n<p>Additional information and pictures are available at&nbsp;www.hotelkokkola.fi<\/p>\n\n\n\n<p><strong>When making a reservation, please mention \u201cKokkola Ultra Run\u201d to activate the right<\/strong><\/p>\n\n\n\n<p><strong>room price, thank you.<\/strong>&nbsp;Rooms can be booked based on the availability until 24th&nbsp;April 2026.<\/p>\n\n\n\n<p>Individual reservation can be cancelled free of charge on the day of arrival by 6 pm, group<\/p>\n\n\n\n<p>reservations three weeks before arrival.<\/p>\n\n\n\n<p>Individual reservations: reception e-mail&nbsp;info@hotelkokkola.fi. tel. +358442768011<\/p>\n\n\n\n<p>Group reservations from Sales department&nbsp;myynti@hotelkokkola.fi&nbsp;(Mon-Fri between 9 am to 3 pm)<\/p>\n\n\n\n<p><strong>Warmly welcome to Hotel Kokkola!<\/strong><\/p>\n\n\n\n<p><strong>Hotel Kokkola<\/strong><\/p>\n\n\n\n<p>Rantakatu 14, 67100 Kokkola<\/p>\n\n\n\n<p>(ca. 500 m from the Sports Hall)<\/p>\n","protected":false},"excerpt":{"rendered":"<p>Kokkola Ultra Run 2026 \/ Hotel Kokkola majoitustarjous ajalle 16.-18.5.2025 Tarjoamme Kokkola Ultra Run \u2013tapahtuman osallistujille ja huoltojoukoille majoitusta Hotel Kokkolassa seuraavin hinnoin: Standardhuoneet alk. \u2022&nbsp;2 hengen huone 106 eur\/huone\/vrk \u2022&nbsp;1 hengen huone 92 eur\/hl\u00f6\/vrk \u2022&nbsp;parivuode- tai sporttihuonelis\u00e4 + 5 eur\/huone\/vrk \u2022&nbsp;Business\/Comforthuone + 20 eur\/huone\/vrk \u2022&nbsp;lis\u00e4vuode hintaan 25 eur\/vrk Huonehintaan sis. aamiainen, asukassauna, wlan ja [&hellip;]<\/p>\n","protected":false},"author":5,"featured_media":0,"parent":0,"menu_order":0,"comment_status":"closed","ping_status":"closed","template":"","meta":{"footnotes":""},"class_list":["post-2273","page","type-page","status-publish","hentry"],"_links":{"self":[{"href":"https:\/\/kokkolaultrarun.fi\/2020\/wp-json\/wp\/v2\/pages\/2273","targetHints":{"allow":["GET"]}}],"collection":[{"href":"https:\/\/kokkolaultrarun.fi\/2020\/wp-json\/wp\/v2\/pages"}],"about":[{"href":"https:\/\/kokkolaultrarun.fi\/2020\/wp-json\/wp\/v2\/types\/page"}],"author":[{"embeddable":true,"href":"https:\/\/kokkolaultrarun.fi\/2020\/wp-json\/wp\/v2\/users\/5"}],"replies":[{"embeddable":true,"href":"https:\/\/kokkolaultrarun.fi\/2020\/wp-json\/wp\/v2\/comments?post=2273"}],"version-history":[{"count":4,"href":"https:\/\/kokkolaultrarun.fi\/2020\/wp-json\/wp\/v2\/pages\/2273\/revisions"}],"predecessor-version":[{"id":2359,"href":"https:\/\/kokkolaultrarun.fi\/2020\/wp-json\/wp\/v2\/pages\/2273\/revisions\/2359"}],"wp:attachment":[{"href":"https:\/\/kokkolaultrarun.fi\/2020\/wp-json\/wp\/v2\/media?parent=2273"}],"curies":[{"name":"wp","href":"https:\/\/api.w.org\/{rel}","templated":true}]}}