{"id":218,"date":"2022-11-20T21:36:03","date_gmt":"2022-11-20T19:36:03","guid":{"rendered":"https:\/\/kokkolaultrarun.fi\/2020\/?page_id=218"},"modified":"2025-11-11T21:34:38","modified_gmt":"2025-11-11T19:34:38","slug":"kokkola-ultra-run","status":"publish","type":"page","link":"https:\/\/kokkolaultrarun.fi\/2020\/","title":{"rendered":"Kokkola Ultra Run"},"content":{"rendered":"\n<h3 class=\"wp-block-heading has-text-align-center has-colibri-color-2-color has-text-color\"><strong>Kokkola Ultra Run &#8211; Suomen nopein ultra<\/strong><br>juostaan t\u00e4n\u00e4kin vuonna 16. &#8211; 17.5.2026.<\/h3>\n\n\n\n<h3 class=\"wp-block-heading has-text-align-center has-colibri-color-2-color has-text-color\"><br>Matkoina 6, 12, 24 tuntia<\/h3>\n\n\n\n<h3 class=\"wp-block-heading has-text-align-center has-colibri-color-2-color has-text-color\"><br>Ilmoittautuminen on auki<\/h3>\n\n\n\n<h3 class=\"wp-block-heading has-text-align-center has-colibri-color-2-color has-text-color\">P\u00e4\u00e4set ilmoittautumaan <a href=\"https:\/\/pace.sport\/events\/kokkola-ultra-run-2026\" data-type=\"link\" data-id=\"https:\/\/pace.sport\/events\/kokkola-ultran-run-2025\">t\u00e4st\u00e4<\/a><br><\/h3>\n\n\n<div class=\"wp-block-image\">\n<figure class=\"aligncenter size-medium\"><img loading=\"lazy\" decoding=\"async\" width=\"300\" height=\"212\" src=\"https:\/\/kokkolaultrarun.fi\/2020\/wp-content\/uploads\/2025\/03\/Bronze-IAU-Label-2025-300x212.jpg\" alt=\"\" class=\"wp-image-2315\" srcset=\"https:\/\/kokkolaultrarun.fi\/2020\/wp-content\/uploads\/2025\/03\/Bronze-IAU-Label-2025-300x212.jpg 300w, https:\/\/kokkolaultrarun.fi\/2020\/wp-content\/uploads\/2025\/03\/Bronze-IAU-Label-2025-768x543.jpg 768w, https:\/\/kokkolaultrarun.fi\/2020\/wp-content\/uploads\/2025\/03\/Bronze-IAU-Label-2025.jpg 842w\" sizes=\"auto, (max-width: 300px) 100vw, 300px\" \/><\/figure><\/div>\n\n\n<p><a href=\"https:\/\/kokkolaultrarun.fi\/2020\/info\/\" data-type=\"URL\" data-id=\"https:\/\/kokkolaultrarun.fi\/2020\/info\/\">Lue lis\u00e4\u00e4 >><\/a><br><br><br><br><br>Tapahtuman p\u00e4\u00e4yhteisty\u00f6kumppanin<br><a href=\"https:\/\/kokkolaultrarun.fi\/2020\/wp-admin\/edit.php?post_type=page\"><\/a><\/p>\n\n\n<div class=\"wp-block-image\">\n<figure class=\"aligncenter size-full\"><a href=\"http:\/\/www.runinfinland.fi\/\" target=\"_blank\" rel=\"noreferrer noopener\"><img loading=\"lazy\" decoding=\"async\" width=\"400\" height=\"310\" src=\"https:\/\/kokkolaultrarun.fi\/2020\/wp-content\/uploads\/2020\/11\/runinfinland.png\" alt=\"\" class=\"wp-image-223\" srcset=\"https:\/\/kokkolaultrarun.fi\/2020\/wp-content\/uploads\/2020\/11\/runinfinland.png 400w, https:\/\/kokkolaultrarun.fi\/2020\/wp-content\/uploads\/2020\/11\/runinfinland-300x233.png 300w\" sizes=\"auto, (max-width: 400px) 100vw, 400px\" \/><\/a><\/figure><\/div>\n\n<div class=\"wp-block-image\">\n<figure class=\"aligncenter size-full\"><a href=\"https:\/\/statistik.d-u-v.org\/\" target=\"_blank\" rel=\"noreferrer noopener\"><img loading=\"lazy\" decoding=\"async\" width=\"256\" height=\"120\" src=\"https:\/\/kokkolaultrarun.fi\/2020\/wp-content\/uploads\/2022\/11\/duv_logo.gif\" alt=\"\" class=\"wp-image-2059\"\/><\/a><\/figure><\/div>","protected":false},"excerpt":{"rendered":"<p>Kokkola Ultra Run &#8211; Suomen nopein ultrajuostaan t\u00e4n\u00e4kin vuonna 16. &#8211; 17.5.2026. Matkoina 6, 12, 24 tuntia Ilmoittautuminen on auki P\u00e4\u00e4set ilmoittautumaan t\u00e4st\u00e4 Lue lis\u00e4\u00e4 >>Tapahtuman p\u00e4\u00e4yhteisty\u00f6kumppanin<\/p>\n","protected":false},"author":5,"featured_media":0,"parent":0,"menu_order":0,"comment_status":"closed","ping_status":"closed","template":"page-templates\/full-width-page.php","meta":{"footnotes":""},"class_list":["post-218","page","type-page","status-publish","hentry"],"_links":{"self":[{"href":"https:\/\/kokkolaultrarun.fi\/2020\/wp-json\/wp\/v2\/pages\/218","targetHints":{"allow":["GET"]}}],"collection":[{"href":"https:\/\/kokkolaultrarun.fi\/2020\/wp-json\/wp\/v2\/pages"}],"about":[{"href":"https:\/\/kokkolaultrarun.fi\/2020\/wp-json\/wp\/v2\/types\/page"}],"author":[{"embeddable":true,"href":"https:\/\/kokkolaultrarun.fi\/2020\/wp-json\/wp\/v2\/users\/5"}],"replies":[{"embeddable":true,"href":"https:\/\/kokkolaultrarun.fi\/2020\/wp-json\/wp\/v2\/comments?post=218"}],"version-history":[{"count":20,"href":"https:\/\/kokkolaultrarun.fi\/2020\/wp-json\/wp\/v2\/pages\/218\/revisions"}],"predecessor-version":[{"id":2340,"href":"https:\/\/kokkolaultrarun.fi\/2020\/wp-json\/wp\/v2\/pages\/218\/revisions\/2340"}],"wp:attachment":[{"href":"https:\/\/kokkolaultrarun.fi\/2020\/wp-json\/wp\/v2\/media?parent=218"}],"curies":[{"name":"wp","href":"https:\/\/api.w.org\/{rel}","templated":true}]}}