{"id":18,"date":"2020-11-25T19:06:05","date_gmt":"2020-11-25T17:06:05","guid":{"rendered":"https:\/\/kokkolaultrarun.fi\/2020\/?page_id=18"},"modified":"2025-11-11T21:45:47","modified_gmt":"2025-11-11T19:45:47","slug":"info","status":"publish","type":"page","link":"https:\/\/kokkolaultrarun.fi\/2020\/info\/","title":{"rendered":"Info"},"content":{"rendered":"\n<h2 class=\"wp-block-heading has-colibri-color-2-color has-text-color\">Aikataulu<\/h2>\n\n\n\n<p><br><strong>Perjantai 15.5.2026<\/strong> <br>18:00 &#8211; 19:00 ilmoittautuminen Kokkolan urheilutalolla, Vapaudentie 1. <br> <br> <br><strong>Lauantai 16.5.202<\/strong>6 <br>9:00 &#8211; 11:00 ilmoittautuminen Kokkolan urheilutalolla, Vapaudentie 1. <br>11:30 Kisainfo Kokkolan urheilutalolla. <br>12:00 Kaikkien matkojen l\u00e4hd\u00f6t. <br> <br> <br><\/p>\n\n\n\n<h2 class=\"wp-block-heading has-colibri-color-2-color has-text-color\">Palkintojen jako<\/h2>\n\n\n\n<p>                       <br><strong>Lauantaina<\/strong> kello 18:15 jaetaan 6 tunnin kisan palkinnot.                       <br><strong>Sunnuntaina<\/strong> kello 00:15 jaetaan 12 tunnin kisan palkinnot.                       <br><strong>Sunnuntaina<\/strong> jaetaan 24 tunnin kisan palkinnot v\u00e4litt\u00f6m\u00e4sti kisan j\u00e4lkeen.                       <br>                       <br>                       <br>                     <\/p>\n\n\n\n<h2 class=\"wp-block-heading has-colibri-color-2-color has-text-color\">Paikka\n                      <br>\n                    <\/h2>\n\n\n\n<p>\n                      <br>Kilpailukeskuksena toimii Kokkolan Urheilutalo, <strong>Vapaudentie 1, 67100 Kokkola.<\/strong> Juoksureitti sijaitsee urheilutalon v\u00e4litt\u00f6m\u00e4ss\u00e4 l\u00e4heisyydess\u00e4.<\/p>\n\n\n\n<p>Kokkola Ultra Run juostaan 16. &#8211; 17.5.2026 Kokkolan keskustassa. Matkoina ovat 6, 12 ja 24 tuntia.<\/p>\n\n\n\n<p><\/p>\n\n\n\n<p>                <br>                       <br>                       <br>                     <\/p>\n\n\n\n<h3 class=\"wp-block-heading has-colibri-color-2-color has-text-color\">Majoitus\n                      <br>\n                    <\/h3>\n\n\n\n<p>Yhteisty\u00f6kumppanimme Hotel Kokkola tarjoaa majoitusta etuhintaan. Tarkemmat tiedot t\u00e4\u00e4lt\u00e4: <a href=\"https:\/\/kokkolaultrarun.fi\/2020\/hotel-kokkola-majoitustarjous-accommodation-offer\/\">hotel-kokkola-majoitustarjous-accommodation-offer<\/a><br>                       <br>                     <\/p>\n\n\n\n<h3 class=\"wp-block-heading has-colibri-color-2-color has-text-color\">Matkat<\/h3>\n\n\n\n<p>6 tuntia<br>12 tuntia<br>24 tuntia              <br>                         <br>                       <\/p>\n\n\n\n<h3 class=\"wp-block-heading has-colibri-color-2-color has-text-color\">Sarjat<\/h3>\n\n\n\n<p>Naiset<\/p>\n\n\n\n<p>Miehet<\/p>\n\n\n\n<p><\/p>\n\n\n\n<p>                        <br>                                <\/p>\n\n\n\n<h3 class=\"wp-block-heading has-colibri-color-2-color has-text-color\">Reitti<\/h3>\n\n\n\n<p>Reitti on virallisesti mitattu 864,2 metri\u00e4. Reitti on varsin tasainen, nousua on vain noin yksi metri per kierros. Puolet reitist\u00e4 on asfalttia ja puolet soraa. Asfalttiosuudella voi my\u00f6s juosta vieress\u00e4 olevalla nurmikolla.                       <br>                       <br>                     <\/p>\n\n\n\n<h3 class=\"wp-block-heading has-colibri-color-2-color has-text-color\">Vakuutus<\/h3>\n\n\n\n<p>Osallistujat eiv\u00e4t ole vakuutettuja j\u00e4rjest\u00e4jien toimesta. Jokainen osallistuu omalla vastuullaan.\n                      <br>\n                      <br>\n                    <\/p>\n\n\n\n<h3 class=\"wp-block-heading has-colibri-color-2-color has-text-color\">Huolto<\/h3>\n\n\n\n<p>Kokkolan urheilutalon pukuhuoneet ja WC:t ovat k\u00e4yt\u00f6ss\u00e4 koko tapahtuman ajan.<\/p>\n\n\n\n<p>Juoksureitin vierest\u00e4 l\u00f6ytyy huoltop\u00f6yti\u00e4 ja tuoleja. Juoksijoiden on mahdollista j\u00e4tt\u00e4\u00e4 tavarat lukkojen taakse s\u00e4ilytykseen.<\/p>\n\n\n\n<p>Tapahtuman tarjoilu: urheilujuoma, vesi, vichy, Coca-Cola, Jaffa ja sekamehua, sipsi, suolakurkku, merisuolakiteit\u00e4, suolatikku, banaani, suklaa, hunajaa ja irtokarkkeja<\/p>\n\n\n\n<p>24h-juoksijoille lis\u00e4ksi: Teet\u00e4, Kahvia, Lihalient\u00e4, Nuudeleita, Hilloleipi\u00e4, Meetwurstileipi\u00e4, Kaurapuuroa, Mustikkasoppaa<\/p>\n\n\n\n<p>Juoksijoiden on mahdollista tuoda omalla nimell\u00e4 varustettu muki huoltop\u00f6yd\u00e4n p\u00e4\u00e4h\u00e4n juomaa varten. T\u00e4m\u00e4 v\u00e4hent\u00e4\u00e4 kertak\u00e4ytt\u00f6isist\u00e4 kupeista muodostuvaa j\u00e4tett\u00e4.                 <br>                       <br>                     <\/p>\n\n\n\n<h3 class=\"wp-block-heading has-colibri-color-2-color has-text-color\">Ajanottotapa<\/h3>\n\n\n\n<p>Matkan pituus mitataan chip-ajanottotavalla.\n                      <br>\n                      <br>\n                    <\/p>\n\n\n\n<h3 class=\"wp-block-heading has-colibri-color-2-color has-text-color\">Palkinnot<\/h3>\n\n\n\n<p>Jokaisen matkan kolme parasta naista ja miest\u00e4 palkitaan. Kaikille osallistujille jaetaan mitali. Palkinnot jaetaan 15 minuttia kyseisen kisan p\u00e4\u00e4ttymisen j\u00e4lkeen.                       <br>                       <br>                     <\/p>\n\n\n\n<h3 class=\"wp-block-heading has-colibri-color-2-color has-text-color\">Osallistumishinta<\/h3>\n\n\n\n<p>Osallistumishinta m\u00e4\u00e4r\u00e4ytyy ilmoittautumisajankohdan mukaan. Osallistumisen voi maksaa liikuntaeduilla ilmoittautumisen yhteydess\u00e4.         <br>                      <\/p>\n\n\n\n<p><br><strong>Osallistumishinnat 31.12.2025 asti:<\/strong> <br><br>6h = 30 \u20ac<\/p>\n\n\n\n<p>12h = 50 \u20ac<\/p>\n\n\n\n<p>24h = 60 \u20ac<\/p>\n\n\n\n<p><strong>Osallistumishinnat 31.3.2026 ast<\/strong>i:<\/p>\n\n\n\n<p>6h = 50 \u20ac<\/p>\n\n\n\n<p>12h = 75 \u20ac<\/p>\n\n\n\n<p>24h = 90 \u20ac<\/p>\n\n\n\n<p><strong>Osallistumishinnat 6.5.2026 ast<\/strong>i:<\/p>\n\n\n\n<p>6h = 70 \u20ac<\/p>\n\n\n\n<p>12h= 100 \u20ac<\/p>\n\n\n\n<p>24h = 120 \u20ac<\/p>\n\n\n\n<p><br>J\u00e4lki-ilmoittautumishinta +20\u20ac. J\u00e4lki-ilmoittautumisia otetaan vastaan perjantaina ja lauantaina ilmoittautumisaikoina aina lauantaihin 16.5.2026 kello 11:00 saakka, tai niin kauan kuin ajanotto-chippej\u00e4 riitt\u00e4\u00e4. <br> <br><\/p>\n\n\n\n<h3 class=\"wp-block-heading has-colibri-color-2-color has-text-color\">Osallistumisen peruminen<\/h3>\n\n\n\n<p>Osallistumista ei voi perua, eik\u00e4 osallistumismaksua palauteta. Osallistumisen voi siirt\u00e4\u00e4 seuraavaan vuoteen.<br><br><\/p>\n\n\n\n<p><br>\u00a9 Kokkola Ultra Run 2025<\/p>\n\n\n<\/p>","protected":false},"excerpt":{"rendered":"<p>Aikataulu Perjantai 15.5.2026 18:00 &#8211; 19:00 ilmoittautuminen Kokkolan urheilutalolla, Vapaudentie 1. Lauantai 16.5.2026 9:00 &#8211; 11:00 ilmoittautuminen Kokkolan urheilutalolla, Vapaudentie 1. 11:30 Kisainfo Kokkolan urheilutalolla. 12:00 Kaikkien matkojen l\u00e4hd\u00f6t. Palkintojen jako Lauantaina kello 18:15 jaetaan 6 tunnin kisan palkinnot. Sunnuntaina kello 00:15 jaetaan 12 tunnin kisan palkinnot. Sunnuntaina jaetaan 24 tunnin kisan palkinnot v\u00e4litt\u00f6m\u00e4sti kisan [&hellip;]<\/p>\n","protected":false},"author":5,"featured_media":0,"parent":0,"menu_order":0,"comment_status":"closed","ping_status":"closed","template":"","meta":{"footnotes":""},"class_list":["post-18","page","type-page","status-publish","hentry"],"_links":{"self":[{"href":"https:\/\/kokkolaultrarun.fi\/2020\/wp-json\/wp\/v2\/pages\/18","targetHints":{"allow":["GET"]}}],"collection":[{"href":"https:\/\/kokkolaultrarun.fi\/2020\/wp-json\/wp\/v2\/pages"}],"about":[{"href":"https:\/\/kokkolaultrarun.fi\/2020\/wp-json\/wp\/v2\/types\/page"}],"author":[{"embeddable":true,"href":"https:\/\/kokkolaultrarun.fi\/2020\/wp-json\/wp\/v2\/users\/5"}],"replies":[{"embeddable":true,"href":"https:\/\/kokkolaultrarun.fi\/2020\/wp-json\/wp\/v2\/comments?post=18"}],"version-history":[{"count":20,"href":"https:\/\/kokkolaultrarun.fi\/2020\/wp-json\/wp\/v2\/pages\/18\/revisions"}],"predecessor-version":[{"id":2351,"href":"https:\/\/kokkolaultrarun.fi\/2020\/wp-json\/wp\/v2\/pages\/18\/revisions\/2351"}],"wp:attachment":[{"href":"https:\/\/kokkolaultrarun.fi\/2020\/wp-json\/wp\/v2\/media?parent=18"}],"curies":[{"name":"wp","href":"https:\/\/api.w.org\/{rel}","templated":true}]}}